{"id":609,"date":"2025-04-11T00:17:25","date_gmt":"2025-04-10T22:17:25","guid":{"rendered":"https:\/\/grupomt.com.bo\/wordpress\/services\/"},"modified":"2025-05-16T21:15:18","modified_gmt":"2025-05-16T19:15:18","slug":"services","status":"publish","type":"page","link":"https:\/\/grupomt.com.bo\/mt_corporativo\/services\/","title":{"rendered":"Services"},"content":{"rendered":"<div class=\"wp-block-uagb-container uagb-block-8e900e2a alignfull uagb-is-root-container\"><div class=\"uagb-container-inner-blocks-wrap\"><div class=\"wp-block-uagb-advanced-heading uagb-block-eae04d3f\"><div class=\"uagb-separator\"><\/div><h1 class=\"uagb-heading-text\">Servicios de Magic Technology en Bolivia<\/h1><\/div><\/div><\/div><div class=\"wp-block-uagb-container uagb-block-7ddca7f3 alignfull uagb-is-root-container\"><div class=\"uagb-container-inner-blocks-wrap\"><div class=\"wp-block-uagb-image uagb-block-b7a6ddf0 wp-block-uagb-image--layout-default wp-block-uagb-image--effect-static wp-block-uagb-image--align-none\"><figure class=\"wp-block-uagb-image__figure\"><img decoding=\"async\" srcset=\"https:\/\/grupomt.com.bo\/mt_corporativo\/wp-content\/uploads\/2025\/04\/pexels-photo-30469971-683x1024.jpeg ,https:\/\/grupomt.com.bo\/mt_corporativo\/wp-content\/uploads\/2025\/04\/pexels-photo-30469971.jpeg 780w, https:\/\/grupomt.com.bo\/mt_corporativo\/wp-content\/uploads\/2025\/04\/pexels-photo-30469971.jpeg 360w\" sizes=\"auto, (max-width: 480px) 150px\" src=\"https:\/\/grupomt.com.bo\/mt_corporativo\/wp-content\/uploads\/2025\/04\/pexels-photo-30469971-683x1024.jpeg\" alt=\"A sleek gaming PC setup with vibrant RGB lighting and a high-resolution monitor.\" class=\"uag-image-72\" width=\"1200\" height=\"400\" title=\"pexels-photo-30469971\" loading=\"lazy\" role=\"img\"\/><\/figure><\/div>\n\n<div class=\"wp-block-uagb-container uagb-block-1a98c2ef\"><div class=\"wp-block-uagb-advanced-heading uagb-block-4421838e\"><h2 class=\"uagb-heading-text\">Distribuci\u00f3n de productos<\/h2><\/div>\n\n<div class=\"wp-block-uagb-advanced-heading uagb-block-3a7f501c\"><p class=\"uagb-desc-text\">Nuestro servicio de distribuci\u00f3n garantiza el acceso a las mejores marcas y productos en tecnolog\u00eda, respaldando su calidad y rendimiento en el mercado boliviano.<\/p><\/div><\/div>\n\n<div class=\"wp-block-uagb-image uagb-block-c925b83c wp-block-uagb-image--layout-default wp-block-uagb-image--effect-static wp-block-uagb-image--align-none\"><figure class=\"wp-block-uagb-image__figure\"><img decoding=\"async\" srcset=\"https:\/\/grupomt.com.bo\/mt_corporativo\/wp-content\/uploads\/2025\/04\/pexels-photo-7199194-1024x682.jpeg ,https:\/\/grupomt.com.bo\/mt_corporativo\/wp-content\/uploads\/2025\/04\/pexels-photo-7199194.jpeg 780w, https:\/\/grupomt.com.bo\/mt_corporativo\/wp-content\/uploads\/2025\/04\/pexels-photo-7199194.jpeg 360w\" sizes=\"auto, (max-width: 480px) 150px\" src=\"https:\/\/grupomt.com.bo\/mt_corporativo\/wp-content\/uploads\/2025\/04\/pexels-photo-7199194-1024x682.jpeg\" alt=\"A sleek gaming setup featuring RGB lighting with a desktop, monitor, and smartphone in a vibrant room.\" class=\"uag-image-73\" width=\"1200\" height=\"400\" title=\"pexels-photo-7199194\" loading=\"lazy\" role=\"img\"\/><\/figure><\/div>\n\n<div class=\"wp-block-uagb-container uagb-block-a86bea20\"><div class=\"wp-block-uagb-advanced-heading uagb-block-27301e60\"><h2 class=\"uagb-heading-text\">Soporte t\u00e9cnico<\/h2><\/div>\n\n<div class=\"wp-block-uagb-advanced-heading uagb-block-d8187766\"><p class=\"uagb-desc-text\">Nuestro equipo de expertos ofrece soporte t\u00e9cnico personalizado, asegurando que sus dispositivos funcionen de manera \u00f3ptima y prolonguen su vida \u00fatil.<\/p><\/div><\/div>\n\n<div class=\"wp-block-uagb-image uagb-block-4fee4429 wp-block-uagb-image--layout-default wp-block-uagb-image--effect-static wp-block-uagb-image--align-none\"><figure class=\"wp-block-uagb-image__figure\"><img decoding=\"async\" srcset=\"https:\/\/grupomt.com.bo\/mt_corporativo\/wp-content\/uploads\/2025\/04\/pexels-photo-20213726-683x1024.jpeg ,https:\/\/grupomt.com.bo\/mt_corporativo\/wp-content\/uploads\/2025\/04\/pexels-photo-20213726.jpeg 780w, https:\/\/grupomt.com.bo\/mt_corporativo\/wp-content\/uploads\/2025\/04\/pexels-photo-20213726.jpeg 360w\" sizes=\"auto, (max-width: 480px) 150px\" src=\"https:\/\/grupomt.com.bo\/mt_corporativo\/wp-content\/uploads\/2025\/04\/pexels-photo-20213726-683x1024.jpeg\" alt=\"A sleek gaming setup featuring a mechanical keyboard and wireless mouse on a stylish desk.\" class=\"uag-image-74\" width=\"1200\" height=\"400\" title=\"pexels-photo-20213726\" loading=\"lazy\" role=\"img\"\/><\/figure><\/div>\n\n<div class=\"wp-block-uagb-container uagb-block-d8dd4e72\"><div class=\"wp-block-uagb-advanced-heading uagb-block-a99c7941\"><h2 class=\"uagb-heading-text\">Representaci\u00f3n de marcas<\/h2><\/div>\n\n<div class=\"wp-block-uagb-advanced-heading uagb-block-3636d2c2\"><p class=\"uagb-desc-text\">La representaci\u00f3n de marcas estrat\u00e9gicas nos permite ofrecer a nuestros clientes tecnolog\u00edas innovadoras, asegurando productos que cumplen con est\u00e1ndares internacionales y satisfacci\u00f3n garantizada.<\/p><\/div><\/div>\n\n<div class=\"wp-block-uagb-image uagb-block-bf9f22f2 wp-block-uagb-image--layout-default wp-block-uagb-image--effect-static wp-block-uagb-image--align-none\"><figure class=\"wp-block-uagb-image__figure\"><img decoding=\"async\" srcset=\"https:\/\/grupomt.com.bo\/mt_corporativo\/wp-content\/uploads\/2025\/04\/pexels-photo-30469968-1024x682.jpeg ,https:\/\/grupomt.com.bo\/mt_corporativo\/wp-content\/uploads\/2025\/04\/pexels-photo-30469968.jpeg 780w, https:\/\/grupomt.com.bo\/mt_corporativo\/wp-content\/uploads\/2025\/04\/pexels-photo-30469968.jpeg 360w\" sizes=\"auto, (max-width: 480px) 150px\" src=\"https:\/\/grupomt.com.bo\/mt_corporativo\/wp-content\/uploads\/2025\/04\/pexels-photo-30469968-1024x682.jpeg\" alt=\"A sleek gaming PC setup with LED lights, monitor, and keyboard in a dimly lit room.\" class=\"uag-image-75\" width=\"1200\" height=\"400\" title=\"pexels-photo-30469968\" loading=\"lazy\" role=\"img\"\/><\/figure><\/div>\n\n<div class=\"wp-block-uagb-container uagb-block-5990122a\"><div class=\"wp-block-uagb-advanced-heading uagb-block-9847c456\"><h2 class=\"uagb-heading-text\">Ventas al por mayor<\/h2><\/div>\n\n<div class=\"wp-block-uagb-advanced-heading uagb-block-0b67d8b8\"><p class=\"uagb-desc-text\">Contamos con un servicio de ventas al por mayor, ofreciendo precios competitivos y condiciones favorables para negocios y resellers, potenciando su capacidad de abastecimiento en el mercado.<\/p><\/div><\/div><\/div><\/div><div class=\"wp-block-uagb-container uagb-block-a6bfea04 alignfull uagb-is-root-container\"><div class=\"uagb-container-inner-blocks-wrap\"><div class=\"wp-block-uagb-info-box uagb-block-baf92aae uagb-infobox__content-wrap  uagb-infobox-icon-above-title uagb-infobox-image-valign-top\"><div class=\"uagb-ifb-content\"><div class=\"uagb-ifb-title-wrap\"><div class=\"uagb-ifb-separator\"><\/div><h2 class=\"uagb-ifb-title\">Cont\u00e1ctanos y descubre m\u00e1s<\/h2><\/div><p class=\"uagb-ifb-desc\">No esperes m\u00e1s. \u00a1Visita nuestras oficinas o cont\u00e1ctanos para obtener asesor\u00eda personalizada y soluciones a tu medida!<\/p><div class=\"uagb-ifb-button-wrapper wp-block-button\"><a href=\"categoria\/\" class=\"uagb-infobox-cta-link wp-block-button__link\" target=\"_self\" rel=\"noopener noreferrer\" onclick=\"return true;\"><span class=\"uagb-inline-editing\">Ver Productos<\/span><\/a><\/div><\/div><\/div><\/div><\/div>","protected":false},"excerpt":{"rendered":"<p>Servicios de Magic Technology en Bolivia Distribuci\u00f3n de productos Nuestro servicio de distribuci\u00f3n garantiza el acceso a las mejores marcas [&hellip;]<\/p>\n","protected":false},"author":1,"featured_media":0,"parent":0,"menu_order":0,"comment_status":"closed","ping_status":"closed","template":"","meta":{"_uag_custom_page_level_css":"","site-sidebar-layout":"default","site-content-layout":"","ast-site-content-layout":"","site-content-style":"default","site-sidebar-style":"default","ast-global-header-display":"","ast-banner-title-visibility":"disabled","ast-main-header-display":"","ast-hfb-above-header-display":"","ast-hfb-below-header-display":"","ast-hfb-mobile-header-display":"","site-post-title":"","ast-breadcrumbs-content":"","ast-featured-img":"","footer-sml-layout":"","theme-transparent-header-meta":"enabled","adv-header-id-meta":"","stick-header-meta":"","header-above-stick-meta":"","header-main-stick-meta":"","header-below-stick-meta":"","astra-migrate-meta-layouts":"default","ast-page-background-enabled":"default","ast-page-background-meta":{"desktop":{"background-color":"var(--ast-global-color-4)","background-image":"","background-repeat":"repeat","background-position":"center center","background-size":"auto","background-attachment":"scroll","background-type":"","background-media":"","overlay-type":"","overlay-color":"","overlay-opacity":"","overlay-gradient":""},"tablet":{"background-color":"","background-image":"","background-repeat":"repeat","background-position":"center center","background-size":"auto","background-attachment":"scroll","background-type":"","background-media":"","overlay-type":"","overlay-color":"","overlay-opacity":"","overlay-gradient":""},"mobile":{"background-color":"","background-image":"","background-repeat":"repeat","background-position":"center center","background-size":"auto","background-attachment":"scroll","background-type":"","background-media":"","overlay-type":"","overlay-color":"","overlay-opacity":"","overlay-gradient":""}},"ast-content-background-meta":{"desktop":{"background-color":"var(--ast-global-color-5)","background-image":"","background-repeat":"repeat","background-position":"center center","background-size":"auto","background-attachment":"scroll","background-type":"","background-media":"","overlay-type":"","overlay-color":"","overlay-opacity":"","overlay-gradient":""},"tablet":{"background-color":"var(--ast-global-color-5)","background-image":"","background-repeat":"repeat","background-position":"center center","background-size":"auto","background-attachment":"scroll","background-type":"","background-media":"","overlay-type":"","overlay-color":"","overlay-opacity":"","overlay-gradient":""},"mobile":{"background-color":"var(--ast-global-color-5)","background-image":"","background-repeat":"repeat","background-position":"center center","background-size":"auto","background-attachment":"scroll","background-type":"","background-media":"","overlay-type":"","overlay-color":"","overlay-opacity":"","overlay-gradient":""}},"footnotes":""},"class_list":["post-609","page","type-page","status-publish","hentry"],"uagb_featured_image_src":{"full":false,"thumbnail":false,"medium":false,"medium_large":false,"large":false,"1536x1536":false,"2048x2048":false,"woocommerce_thumbnail":false,"woocommerce_single":false,"woocommerce_gallery_thumbnail":false},"uagb_author_info":{"display_name":"mtinformative","author_link":"https:\/\/grupomt.com.bo\/mt_corporativo\/author\/mtinformative\/"},"uagb_comment_info":0,"uagb_excerpt":"Servicios de Magic Technology en Bolivia Distribuci\u00f3n de productos Nuestro servicio de distribuci\u00f3n garantiza el acceso a las mejores marcas [&hellip;]","_links":{"self":[{"href":"https:\/\/grupomt.com.bo\/mt_corporativo\/wp-json\/wp\/v2\/pages\/609","targetHints":{"allow":["GET"]}}],"collection":[{"href":"https:\/\/grupomt.com.bo\/mt_corporativo\/wp-json\/wp\/v2\/pages"}],"about":[{"href":"https:\/\/grupomt.com.bo\/mt_corporativo\/wp-json\/wp\/v2\/types\/page"}],"author":[{"embeddable":true,"href":"https:\/\/grupomt.com.bo\/mt_corporativo\/wp-json\/wp\/v2\/users\/1"}],"replies":[{"embeddable":true,"href":"https:\/\/grupomt.com.bo\/mt_corporativo\/wp-json\/wp\/v2\/comments?post=609"}],"version-history":[{"count":5,"href":"https:\/\/grupomt.com.bo\/mt_corporativo\/wp-json\/wp\/v2\/pages\/609\/revisions"}],"predecessor-version":[{"id":979,"href":"https:\/\/grupomt.com.bo\/mt_corporativo\/wp-json\/wp\/v2\/pages\/609\/revisions\/979"}],"wp:attachment":[{"href":"https:\/\/grupomt.com.bo\/mt_corporativo\/wp-json\/wp\/v2\/media?parent=609"}],"curies":[{"name":"wp","href":"https:\/\/api.w.org\/{rel}","templated":true}]}}