{"id":608,"date":"2025-04-11T00:17:25","date_gmt":"2025-04-10T22:17:25","guid":{"rendered":"https:\/\/grupomt.com.bo\/wordpress\/about\/"},"modified":"2025-05-16T21:13:30","modified_gmt":"2025-05-16T19:13:30","slug":"about","status":"publish","type":"page","link":"https:\/\/grupomt.com.bo\/mt_corporativo\/about\/","title":{"rendered":"About"},"content":{"rendered":"<div class=\"wp-block-uagb-container uagb-block-8e900e2a alignfull uagb-is-root-container\"><div class=\"uagb-container-inner-blocks-wrap\"><div class=\"wp-block-uagb-advanced-heading uagb-block-eae04d3f\"><div class=\"uagb-separator\"><\/div><h1 class=\"uagb-heading-text\">Con\u00f3cenos<\/h1><\/div><\/div><\/div><div class=\"wp-block-uagb-container uagb-layout-grid uagb-block-17a5449b alignfull uagb-is-root-container\"><div class=\"uagb-container-inner-blocks-wrap\"><div class=\"wp-block-uagb-info-box uagb-block-24a46e07 uagb-infobox__content-wrap  uagb-infobox-icon-above-title uagb-infobox-image-valign-top wp-block-uagb-info-box--has-margin\"><div class=\"uagb-infobox-margin-wrapper\"><div class=\"uagb-ifb-content\"><div class=\"uagb-ifb-title-wrap\"><h2 class=\"uagb-ifb-title-prefix\">Qui\u00e9nes somos y qu\u00e9 hacemos<\/h2><p class=\"uagb-ifb-title\">Magic Technology es una empresa boliviana dedicada a la distribuci\u00f3n de productos electr\u00f3nicos y componentes de computadoras. Con oficinas en La Paz, Cochabamba y Santa Cruz, representamos varias marcas reconocidas, ofreciendo a nuestros clientes soluciones tecnol\u00f3gicas innovadoras y de calidad.<\/p><\/div><p class=\"uagb-ifb-desc\">Hemos ayudado a numerosos clientes a mejorar su tecnolog\u00eda y rendimiento a trav\u00e9s de nuestros productos de alta calidad.<\/p><\/div><\/div><\/div>\n\n<div class=\"wp-block-uagb-image alignright uagb-block-ad8c1a64 wp-block-uagb-image--layout-default wp-block-uagb-image--effect-static wp-block-uagb-image--align-right\"><figure class=\"wp-block-uagb-image__figure\"><img decoding=\"async\" srcset=\"https:\/\/grupomt.com.bo\/mt_corporativo\/wp-content\/uploads\/2025\/04\/pexels-photo-2582936-1024x682.jpeg ,https:\/\/grupomt.com.bo\/mt_corporativo\/wp-content\/uploads\/2025\/04\/pexels-photo-2582936.jpeg 780w, https:\/\/grupomt.com.bo\/mt_corporativo\/wp-content\/uploads\/2025\/04\/pexels-photo-2582936.jpeg 360w\" sizes=\"auto, (max-width: 480px) 150px\" src=\"https:\/\/grupomt.com.bo\/mt_corporativo\/wp-content\/uploads\/2025\/04\/pexels-photo-2582936-1024x682.jpeg\" alt=\"Detailed close-up of computer components including RAM and cables inside a server or high-performance PC.\" class=\"uag-image-71\" width=\"420\" height=\"450\" title=\"pexels-photo-2582936\" loading=\"lazy\" role=\"img\"\/><\/figure><\/div><\/div><\/div><div class=\"wp-block-uagb-container uagb-layout-grid uagb-block-bb7cd282 alignfull uagb-is-root-container\"><div class=\"uagb-container-inner-blocks-wrap\"><div class=\"wp-block-uagb-advanced-heading uagb-block-386230cb\"><h3 class=\"uagb-heading-text\">Historia de Magic Technology en Bolivia<\/h3><\/div>\n\n<div class=\"wp-block-uagb-info-box uagb-block-e88485bd uagb-infobox__content-wrap  uagb-infobox-icon-above-title uagb-infobox-image-valign-top\"><div class=\"uagb-ifb-content\"><div class=\"uagb-ifb-title-wrap\"><span class=\"uagb-ifb-title-prefix\">Magic Technology fue fundada con la misi\u00f3n de facilitar el acceso a productos electr\u00f3nicos de calidad en Bolivia. Desde sus inicios, se ha expandido con oficinas en La Paz, Cochabamba y Santa Cruz, representando varias marcas internacionales y estableciendo un s\u00f3lido compromiso con la satisfacci\u00f3n del cliente y la innovaci\u00f3n tecnol\u00f3gica en el pa\u00eds.<\/span><p class=\"uagb-ifb-title\">A lo largo de los a\u00f1os, Magic Technology se ha consolidado como un l\u00edder en la distribuci\u00f3n de componentes electr\u00f3nicos, fomentando relaciones comerciales s\u00f3lidas y ofreciendo un cat\u00e1logo diverso para satisfacer las necesidades del mercado boliviano.<\/p><\/div><p class=\"uagb-ifb-desc\">Magic Technology ha crecido significativamente, convirti\u00e9ndose en un referente en la distribuci\u00f3n de tecnolog\u00eda en Bolivia, con un enfoque en la calidad y el servicio al cliente.<\/p><\/div><\/div><\/div><\/div><div class=\"wp-block-uagb-container uagb-block-758b4c14 alignfull uagb-is-root-container\"><div class=\"uagb-container-inner-blocks-wrap\"><div class=\"wp-block-uagb-image uagb-block-11b8887d wp-block-uagb-image--layout-default wp-block-uagb-image--effect-static wp-block-uagb-image--align-none\"><figure class=\"wp-block-uagb-image__figure\"><img decoding=\"async\" srcset=\"https:\/\/grupomt.com.bo\/mt_corporativo\/wp-content\/uploads\/2025\/04\/pexels-photo-30469971-683x1024.jpeg ,https:\/\/grupomt.com.bo\/mt_corporativo\/wp-content\/uploads\/2025\/04\/pexels-photo-30469971.jpeg 780w, https:\/\/grupomt.com.bo\/mt_corporativo\/wp-content\/uploads\/2025\/04\/pexels-photo-30469971.jpeg 360w\" sizes=\"auto, (max-width: 480px) 150px\" src=\"https:\/\/grupomt.com.bo\/mt_corporativo\/wp-content\/uploads\/2025\/04\/pexels-photo-30469971-683x1024.jpeg\" alt=\"A sleek gaming PC setup with vibrant RGB lighting and a high-resolution monitor.\" class=\"uag-image-72\" width=\"1200\" height=\"450\" title=\"pexels-photo-30469971\" loading=\"lazy\" role=\"img\"\/><\/figure><\/div>\n\n<div class=\"wp-block-uagb-container uagb-layout-grid uagb-block-309528b7\"><div class=\"wp-block-uagb-advanced-heading uagb-block-33387619\"><h2 class=\"uagb-heading-text\">Nuestra misi\u00f3n<\/h2><\/div>\n\n<div class=\"wp-block-uagb-info-box uagb-block-927da30b uagb-infobox__content-wrap  uagb-infobox-icon-above-title uagb-infobox-image-valign-top wp-block-uagb-info-box--has-margin\"><div class=\"uagb-infobox-margin-wrapper\"><div class=\"uagb-ifb-content\"><div class=\"uagb-ifb-title-wrap\"><h3 class=\"uagb-ifb-title-prefix\">Nuestra misi\u00f3n y compromiso<\/h3><p class=\"uagb-ifb-title\">Proveer productos y servicios innovadores de alta calidad, al mejor precio del mercado, respaldado por un servicio garantizado, logrando satisfacer las necesidades de nuestros clientes del sector tecnol\u00f3gico, bas\u00e1ndonos en nuestros principios y valores.<\/p><\/div><\/div><\/div><\/div><\/div><\/div><\/div><div class=\"wp-block-uagb-container uagb-block-a6bfea04 alignfull uagb-is-root-container\"><div class=\"uagb-container-inner-blocks-wrap\"><div class=\"wp-block-uagb-info-box uagb-block-baf92aae uagb-infobox__content-wrap  uagb-infobox-icon-above-title uagb-infobox-image-valign-top\"><div class=\"uagb-ifb-content\"><div class=\"uagb-ifb-title-wrap\"><div class=\"uagb-ifb-separator\"><\/div><h2 class=\"uagb-ifb-title\">Cont\u00e1ctanos y descubre m\u00e1s<\/h2><\/div><p class=\"uagb-ifb-desc\">No esperes m\u00e1s. \u00a1Visita nuestras oficinas o cont\u00e1ctanos para obtener asesor\u00eda personalizada y soluciones a tu medida!<\/p><div class=\"uagb-ifb-button-wrapper wp-block-button\"><a href=\"categoria\/\" class=\"uagb-infobox-cta-link wp-block-button__link\" target=\"_self\" rel=\"noopener noreferrer\" onclick=\"return true;\"><span class=\"uagb-inline-editing\">Ver Productos<\/span><\/a><\/div><\/div><\/div><\/div><\/div>","protected":false},"excerpt":{"rendered":"<p>Con\u00f3cenos Historia de Magic Technology en Bolivia Nuestra misi\u00f3n<\/p>\n","protected":false},"author":1,"featured_media":0,"parent":0,"menu_order":0,"comment_status":"closed","ping_status":"closed","template":"","meta":{"_uag_custom_page_level_css":"","site-sidebar-layout":"default","site-content-layout":"","ast-site-content-layout":"","site-content-style":"default","site-sidebar-style":"default","ast-global-header-display":"","ast-banner-title-visibility":"disabled","ast-main-header-display":"","ast-hfb-above-header-display":"","ast-hfb-below-header-display":"","ast-hfb-mobile-header-display":"","site-post-title":"","ast-breadcrumbs-content":"","ast-featured-img":"","footer-sml-layout":"","theme-transparent-header-meta":"enabled","adv-header-id-meta":"","stick-header-meta":"","header-above-stick-meta":"","header-main-stick-meta":"","header-below-stick-meta":"","astra-migrate-meta-layouts":"default","ast-page-background-enabled":"default","ast-page-background-meta":{"desktop":{"background-color":"var(--ast-global-color-4)","background-image":"","background-repeat":"repeat","background-position":"center center","background-size":"auto","background-attachment":"scroll","background-type":"","background-media":"","overlay-type":"","overlay-color":"","overlay-opacity":"","overlay-gradient":""},"tablet":{"background-color":"","background-image":"","background-repeat":"repeat","background-position":"center center","background-size":"auto","background-attachment":"scroll","background-type":"","background-media":"","overlay-type":"","overlay-color":"","overlay-opacity":"","overlay-gradient":""},"mobile":{"background-color":"","background-image":"","background-repeat":"repeat","background-position":"center center","background-size":"auto","background-attachment":"scroll","background-type":"","background-media":"","overlay-type":"","overlay-color":"","overlay-opacity":"","overlay-gradient":""}},"ast-content-background-meta":{"desktop":{"background-color":"var(--ast-global-color-5)","background-image":"","background-repeat":"repeat","background-position":"center center","background-size":"auto","background-attachment":"scroll","background-type":"","background-media":"","overlay-type":"","overlay-color":"","overlay-opacity":"","overlay-gradient":""},"tablet":{"background-color":"var(--ast-global-color-5)","background-image":"","background-repeat":"repeat","background-position":"center center","background-size":"auto","background-attachment":"scroll","background-type":"","background-media":"","overlay-type":"","overlay-color":"","overlay-opacity":"","overlay-gradient":""},"mobile":{"background-color":"var(--ast-global-color-5)","background-image":"","background-repeat":"repeat","background-position":"center center","background-size":"auto","background-attachment":"scroll","background-type":"","background-media":"","overlay-type":"","overlay-color":"","overlay-opacity":"","overlay-gradient":""}},"footnotes":""},"class_list":["post-608","page","type-page","status-publish","hentry"],"uagb_featured_image_src":{"full":false,"thumbnail":false,"medium":false,"medium_large":false,"large":false,"1536x1536":false,"2048x2048":false,"woocommerce_thumbnail":false,"woocommerce_single":false,"woocommerce_gallery_thumbnail":false},"uagb_author_info":{"display_name":"mtinformative","author_link":"https:\/\/grupomt.com.bo\/mt_corporativo\/author\/mtinformative\/"},"uagb_comment_info":0,"uagb_excerpt":"Con\u00f3cenos Historia de Magic Technology en Bolivia Nuestra misi\u00f3n","_links":{"self":[{"href":"https:\/\/grupomt.com.bo\/mt_corporativo\/wp-json\/wp\/v2\/pages\/608","targetHints":{"allow":["GET"]}}],"collection":[{"href":"https:\/\/grupomt.com.bo\/mt_corporativo\/wp-json\/wp\/v2\/pages"}],"about":[{"href":"https:\/\/grupomt.com.bo\/mt_corporativo\/wp-json\/wp\/v2\/types\/page"}],"author":[{"embeddable":true,"href":"https:\/\/grupomt.com.bo\/mt_corporativo\/wp-json\/wp\/v2\/users\/1"}],"replies":[{"embeddable":true,"href":"https:\/\/grupomt.com.bo\/mt_corporativo\/wp-json\/wp\/v2\/comments?post=608"}],"version-history":[{"count":4,"href":"https:\/\/grupomt.com.bo\/mt_corporativo\/wp-json\/wp\/v2\/pages\/608\/revisions"}],"predecessor-version":[{"id":977,"href":"https:\/\/grupomt.com.bo\/mt_corporativo\/wp-json\/wp\/v2\/pages\/608\/revisions\/977"}],"wp:attachment":[{"href":"https:\/\/grupomt.com.bo\/mt_corporativo\/wp-json\/wp\/v2\/media?parent=608"}],"curies":[{"name":"wp","href":"https:\/\/api.w.org\/{rel}","templated":true}]}}