{"id":607,"date":"2025-04-11T00:17:24","date_gmt":"2025-04-10T22:17:24","guid":{"rendered":"https:\/\/grupomt.com.bo\/wordpress\/home-2\/"},"modified":"2025-05-16T23:34:13","modified_gmt":"2025-05-16T21:34:13","slug":"home-2","status":"publish","type":"page","link":"https:\/\/grupomt.com.bo\/mt_corporativo\/","title":{"rendered":"Home"},"content":{"rendered":"<div class=\"wp-block-uagb-container uagb-block-a1fd1922 alignfull uagb-is-root-container\"><div class=\"uagb-container-inner-blocks-wrap\"><div class=\"wp-block-uagb-info-box uagb-block-f4da5f8d uagb-infobox__content-wrap  uagb-infobox-icon-above-title uagb-infobox-image-valign-top wp-block-uagb-info-box--has-margin\"><div class=\"uagb-infobox-margin-wrapper\"><div class=\"uagb-ifb-content\"><div class=\"uagb-ifb-title-wrap\"><div class=\"uagb-ifb-separator\"><\/div><h1 class=\"uagb-ifb-title\">Pasi\u00f3n por la innovaci\u00f3n<\/h1><\/div><p class=\"uagb-ifb-desc\">Descubre productos electr\u00f3nicos de calidad y componentes de computadora en Bolivia, con presencia en La Paz, Cochabamba y Santa Cruz.<\/p><div class=\"uagb-ifb-button-wrapper wp-block-button\"><a href=\"categoria\/\" class=\"uagb-infobox-cta-link wp-block-button__link\" target=\"_self\" rel=\"noopener noreferrer\" onclick=\"return true;\"><span class=\"uagb-inline-editing\">Ver Productos<\/span><\/a><\/div><\/div><\/div><\/div><\/div><\/div><div class=\"wp-block-uagb-container uagb-layout-grid uagb-block-1a79b78c alignfull uagb-is-root-container\"><div class=\"uagb-container-inner-blocks-wrap\"><div class=\"wp-block-uagb-info-box uagb-block-fa8a945d uagb-infobox__content-wrap  uagb-infobox-icon-above-title uagb-infobox-image-valign-top wp-block-uagb-info-box--has-margin\"><div class=\"uagb-infobox-margin-wrapper\"><div class=\"uagb-ifb-content\"><div class=\"uagb-ifb-title-wrap\"><h2 class=\"uagb-ifb-title\">Servicios<\/h2><\/div><p class=\"uagb-ifb-desc\">Soluciones tecnol\u00f3gicas para toda necesidad.<\/p><div class=\"uagb-ifb-button-wrapper wp-block-button\"><a href=\"services\/\" target=\"_self\" onclick=\"return true;\" class=\"uagb-infobox-cta-link\" rel=\"noopener noreferrer\"><span class=\"uagb-inline-editing\">Ver todo<\/span><\/a><\/div><\/div><\/div><\/div>\n\n<div class=\"wp-block-uagb-advanced-heading uagb-block-a86f2b31\"><h3 class=\"uagb-heading-text\">Distribuci\u00f3n de productos<\/h3><div class=\"uagb-separator\"><\/div><p class=\"uagb-desc-text\">Ofrecemos una amplia gama de productos electr\u00f3nicos y componentes de computadoras.<\/p><\/div>\n\n<div class=\"wp-block-uagb-advanced-heading uagb-block-7a3c7dcb\"><h3 class=\"uagb-heading-text\">Soporte t\u00e9cnico<\/h3><div class=\"uagb-separator\"><\/div><p class=\"uagb-desc-text\">Brindamos asistencia profesional para resolver problemas t\u00e9cnicos en equipos electr\u00f3nicos.<\/p><\/div>\n\n<div class=\"wp-block-uagb-advanced-heading uagb-block-adf1d414\"><h3 class=\"uagb-heading-text\">Representaci\u00f3n de marcas<\/h3><div class=\"uagb-separator\"><\/div><p class=\"uagb-desc-text\">Representamos varias marcas reconocidas en el pa\u00eds, garantizando productos de calidad.<\/p><\/div><\/div><\/div><div class=\"wp-block-uagb-container uagb-layout-grid uagb-block-e5c50d49 alignfull uagb-is-root-container\"><div class=\"uagb-container-inner-blocks-wrap\"><div class=\"wp-block-uagb-image alignright uagb-block-0420b850 wp-block-uagb-image--layout-default wp-block-uagb-image--effect-static wp-block-uagb-image--align-right\"><figure class=\"wp-block-uagb-image__figure\"><img decoding=\"async\" srcset=\"https:\/\/grupomt.com.bo\/mt_corporativo\/wp-content\/uploads\/2025\/04\/BANNER-1280X853P_2_Mesa-de-trabajo-1-1024x683.png ,https:\/\/grupomt.com.bo\/mt_corporativo\/wp-content\/uploads\/2025\/04\/BANNER-1280X853P_2_Mesa-de-trabajo-1-scaled.png 780w, https:\/\/grupomt.com.bo\/mt_corporativo\/wp-content\/uploads\/2025\/04\/BANNER-1280X853P_2_Mesa-de-trabajo-1-scaled.png 360w\" sizes=\"auto, (max-width: 480px) 150px\" src=\"https:\/\/grupomt.com.bo\/mt_corporativo\/wp-content\/uploads\/2025\/04\/BANNER-1280X853P_2_Mesa-de-trabajo-1-1024x683.png\" alt=\"\" class=\"uag-image-901\" width=\"680\" height=\"450\" title=\"BANNER 1280X853P_2_Mesa de trabajo 1\" loading=\"lazy\" role=\"img\"\/><\/figure><\/div>\n\n<div class=\"wp-block-uagb-info-box uagb-block-0e4b91b4 uagb-infobox__content-wrap  uagb-infobox-icon-above-title uagb-infobox-image-valign-top wp-block-uagb-info-box--has-margin\"><div class=\"uagb-infobox-margin-wrapper\"><div class=\"uagb-ifb-content\"><div class=\"uagb-ifb-title-wrap\"><h3 class=\"uagb-ifb-title\">La historia detr\u00e1s de Magic Technology en Bolivia<\/h3><\/div><p class=\"uagb-ifb-desc\">Magic Technology naci\u00f3 con el prop\u00f3sito de ofrecer productos electr\u00f3nicos y componentes de computadora de calidad en Bolivia. Nos esforzamos por brindar un servicio excepcional y representar marcas confiabless.<\/p><div class=\"uagb-ifb-button-wrapper wp-block-button\"><a href=\"about\/\" class=\"uagb-infobox-cta-link wp-block-button__link\" target=\"_self\" rel=\"noopener noreferrer\" onclick=\"return true;\"><span class=\"uagb-inline-editing\">Leer m\u00e1s<\/span><\/a><\/div><\/div><\/div><\/div><\/div><\/div><div class=\"wp-block-uagb-container uagb-block-dd11b07d alignfull uagb-is-root-container\"><div class=\"uagb-container-inner-blocks-wrap\"><div class=\"wp-block-uagb-info-box uagb-block-93205f4c uagb-infobox__content-wrap  uagb-infobox-icon-above-title uagb-infobox-image-valign-top\"><div class=\"uagb-ifb-content\"><div class=\"uagb-ifb-title-wrap\"><div class=\"uagb-ifb-separator\"><\/div><h2 class=\"uagb-ifb-title\">\u00a1Potencia tu tecnolog\u00eda hoy!<\/h2><\/div><p class=\"uagb-ifb-desc\">Explora nuestra amplia gama de productos y encuentra lo que necesitas para tus proyectos tecnol\u00f3gicos.<\/p><div class=\"uagb-ifb-button-wrapper wp-block-button\"><a href=\"categoria\/\" class=\"uagb-infobox-cta-link wp-block-button__link\" target=\"_self\" rel=\"noopener noreferrer\" onclick=\"return true;\"><span class=\"uagb-inline-editing\">Ver Productos<\/span><\/a><\/div><\/div><\/div><\/div><\/div><div class=\"wp-block-uagb-container uagb-block-509524e3 alignfull uagb-is-root-container\"><div class=\"uagb-container-inner-blocks-wrap\"><div class=\"wp-block-uagb-container uagb-block-feb2dc6e\"><div class=\"wp-block-uagb-advanced-heading uagb-block-07c07b52\"><h2 class=\"uagb-heading-text\">Nuestra Propuesta \u00danica<\/h2><p class=\"uagb-desc-text\">Ofrecemos productos garantizados, un servicio al cliente excepcional y asesor\u00eda especializada.<\/p><\/div>\n\n<div class=\"wp-block-uagb-icon-list uagb-block-a733287c\"><div class=\"uagb-icon-list__wrap\"><div class=\"wp-block-uagb-icon-list-child uagb-block-252f94b5\"><span class=\"uagb-icon-list__source-wrap\"><svg xmlns=\"https:\/\/www.w3.org\/2000\/svg\" viewBox=\"0 0 448 512\"><path d=\"M438.6 105.4C451.1 117.9 451.1 138.1 438.6 150.6L182.6 406.6C170.1 419.1 149.9 419.1 137.4 406.6L9.372 278.6C-3.124 266.1-3.124 245.9 9.372 233.4C21.87 220.9 42.13 220.9 54.63 233.4L159.1 338.7L393.4 105.4C405.9 92.88 426.1 92.88 438.6 105.4H438.6z\"><\/path><\/svg><\/span><span class=\"uagb-icon-list__label\">Calidad Asegurada<\/span><\/div>\n\n<div class=\"wp-block-uagb-icon-list-child uagb-block-40afc628\"><span class=\"uagb-icon-list__source-wrap\"><svg xmlns=\"https:\/\/www.w3.org\/2000\/svg\" viewBox=\"0 0 448 512\"><path d=\"M438.6 105.4C451.1 117.9 451.1 138.1 438.6 150.6L182.6 406.6C170.1 419.1 149.9 419.1 137.4 406.6L9.372 278.6C-3.124 266.1-3.124 245.9 9.372 233.4C21.87 220.9 42.13 220.9 54.63 233.4L159.1 338.7L393.4 105.4C405.9 92.88 426.1 92.88 438.6 105.4H438.6z\"><\/path><\/svg><\/span><span class=\"uagb-icon-list__label\">Opiniones Expertas<\/span><\/div>\n\n<div class=\"wp-block-uagb-icon-list-child uagb-block-b3034762\"><span class=\"uagb-icon-list__source-wrap\"><svg xmlns=\"https:\/\/www.w3.org\/2000\/svg\" viewBox=\"0 0 448 512\"><path d=\"M438.6 105.4C451.1 117.9 451.1 138.1 438.6 150.6L182.6 406.6C170.1 419.1 149.9 419.1 137.4 406.6L9.372 278.6C-3.124 266.1-3.124 245.9 9.372 233.4C21.87 220.9 42.13 220.9 54.63 233.4L159.1 338.7L393.4 105.4C405.9 92.88 426.1 92.88 438.6 105.4H438.6z\"><\/path><\/svg><\/span><span class=\"uagb-icon-list__label\">Amplia Variedad<\/span><\/div><\/div><\/div>\n\n<div class=\"wp-block-uagb-buttons uagb-buttons__outer-wrap uagb-btn__default-btn uagb-btn-tablet__default-btn uagb-btn-mobile__default-btn uagb-block-f35e2d04\"><div class=\"uagb-buttons__wrap uagb-buttons-layout-wrap \"><div class=\"wp-block-uagb-buttons-child uagb-buttons__outer-wrap uagb-block-7cdb071a wp-block-button\"><div class=\"uagb-button__wrapper\"><a class=\"uagb-buttons-repeater wp-block-button__link\" aria-label=\"\" href=\"services\/\" rel=\"follow noopener\" target=\"_self\" role=\"button\"><div class=\"uagb-button__link\">Leer m\u00e1s<\/div><\/a><\/div><\/div><\/div><\/div><\/div>\n\n<div class=\"wp-block-uagb-container uagb-block-5eadc4a6\"><div class=\"wp-block-uagb-image uagb-block-126815f6 wp-block-uagb-image--layout-default wp-block-uagb-image--effect-static wp-block-uagb-image--align-none\"><figure class=\"wp-block-uagb-image__figure\"><img decoding=\"async\" srcset=\"https:\/\/grupomt.com.bo\/mt_corporativo\/wp-content\/uploads\/2025\/04\/BANNER-1280X853P_3_Mesa-de-trabajo-1-1024x683.png ,https:\/\/grupomt.com.bo\/mt_corporativo\/wp-content\/uploads\/2025\/04\/BANNER-1280X853P_3_Mesa-de-trabajo-1-scaled.png 780w, https:\/\/grupomt.com.bo\/mt_corporativo\/wp-content\/uploads\/2025\/04\/BANNER-1280X853P_3_Mesa-de-trabajo-1-scaled.png 360w\" sizes=\"auto, (max-width: 480px) 150px\" src=\"https:\/\/grupomt.com.bo\/mt_corporativo\/wp-content\/uploads\/2025\/04\/BANNER-1280X853P_3_Mesa-de-trabajo-1-1024x683.png\" alt=\"\" class=\"uag-image-909\" width=\"600\" height=\"350\" title=\"BANNER 1280X853P_3_Mesa de trabajo 1\" loading=\"lazy\" role=\"img\"\/><\/figure><\/div><\/div><\/div><\/div><div class=\"wp-block-uagb-container uagb-block-b29a8d88 alignfull uagb-is-root-container\"><div class=\"uagb-container-inner-blocks-wrap\"><div class=\"wp-block-uagb-advanced-heading uagb-block-0f79c666\"><h2 class=\"uagb-heading-text\">Nuestro Equipo<\/h2><p class=\"uagb-desc-text\">Con un grupo de profesionales apasionados, estamos comprometidos a ofrecerte las mejores soluciones tecnol\u00f3gicas en productos electr\u00f3nicos y computadoras.<\/p><\/div><\/div><\/div><div class=\"wp-block-uagb-container uagb-block-8b309cbb alignfull uagb-is-root-container\"><div class=\"uagb-container-inner-blocks-wrap\"><div class=\"wp-block-uagb-info-box uagb-block-63a911ae uagb-infobox__content-wrap  uagb-infobox-icon-above-title uagb-infobox-image-valign-top wp-block-uagb-info-box--has-margin\"><div class=\"uagb-infobox-margin-wrapper\"><div class=\"uagb-ifb-content\"><div class=\"uagb-ifb-title-wrap\"><h2 class=\"uagb-ifb-title\">Quienes somos<\/h2><\/div><\/div><\/div><\/div>\n\n<div class=\"wp-block-uagb-container uagb-block-f0b4bd78\"><h2 class=\"wp-block-heading has-white-color has-text-color has-link-color wp-elements-50d79f6489e83388973a4b670be4d23c\">MISION<\/h2>\n\n<div class=\"wp-block-uagb-advanced-heading uagb-block-192afdc5\"><p class=\"uagb-heading-text\">Proveer productos y servicios innovadores de alta calidad, al mejor precio del mercado, respaldado por un servicio garantizado, logrando satisfacer las necesidades de nuestros clientes del sector tecnol\u00f3gico, bas\u00e1ndonos en nuestros principios y valores.<\/p><\/div>\n\n<div class=\"wp-block-uagb-separator uagb-block-2e6c5305\"><div class=\"wp-block-uagb-separator__inner\" style=\"--my-background-image:\"><\/div><\/div>\n\n<h2 class=\"wp-block-heading has-white-color has-text-color has-link-color wp-elements-8718487475e4820a43d98dd94ecf303f\">VISION<\/h2>\n\n<div class=\"wp-block-uagb-advanced-heading uagb-block-41e89cee\"><p class=\"uagb-heading-text\">Ser L\u00edder en Tecnolog\u00eda en el pa\u00eds, ampliando continuamente nuestra gama de productos innovadores para lograr una completa satisfacci\u00f3n de nuestros clientes, orient\u00e1ndonos al servicio eficiente con un personal altamente calificado.<\/p><\/div><\/div><\/div><\/div><div class=\"wp-block-uagb-container uagb-block-a6bfea04 alignfull uagb-is-root-container\"><div class=\"uagb-container-inner-blocks-wrap\"><div class=\"wp-block-uagb-info-box uagb-block-baf92aae uagb-infobox__content-wrap  uagb-infobox-icon-above-title uagb-infobox-image-valign-top\"><div class=\"uagb-ifb-content\"><div class=\"uagb-ifb-title-wrap\"><div class=\"uagb-ifb-separator\"><\/div><h2 class=\"uagb-ifb-title\">Cont\u00e1ctanos y descubre m\u00e1s<\/h2><\/div><p class=\"uagb-ifb-desc\">No esperes m\u00e1s. \u00a1Visita nuestras oficinas o cont\u00e1ctanos para obtener asesor\u00eda personalizada y soluciones a tu medida!<\/p><div class=\"uagb-ifb-button-wrapper wp-block-button\"><a href=\"categoria\/\" class=\"uagb-infobox-cta-link wp-block-button__link\" target=\"_self\" rel=\"noopener noreferrer\" onclick=\"return true;\"><span class=\"uagb-inline-editing\">Ver Productos<\/span><\/a><\/div><\/div><\/div><\/div><\/div>","protected":false},"excerpt":{"rendered":"<p>Distribuci\u00f3n de productos Ofrecemos una amplia gama de productos electr\u00f3nicos y componentes de computadoras. Soporte t\u00e9cnico Brindamos asistencia profesional para [&hellip;]<\/p>\n","protected":false},"author":1,"featured_media":0,"parent":0,"menu_order":0,"comment_status":"closed","ping_status":"closed","template":"","meta":{"_uag_custom_page_level_css":"","site-sidebar-layout":"default","site-content-layout":"","ast-site-content-layout":"","site-content-style":"default","site-sidebar-style":"default","ast-global-header-display":"","ast-banner-title-visibility":"disabled","ast-main-header-display":"","ast-hfb-above-header-display":"","ast-hfb-below-header-display":"","ast-hfb-mobile-header-display":"","site-post-title":"","ast-breadcrumbs-content":"","ast-featured-img":"","footer-sml-layout":"","theme-transparent-header-meta":"enabled","adv-header-id-meta":"","stick-header-meta":"","header-above-stick-meta":"","header-main-stick-meta":"","header-below-stick-meta":"","astra-migrate-meta-layouts":"default","ast-page-background-enabled":"default","ast-page-background-meta":{"desktop":{"background-color":"var(--ast-global-color-4)","background-image":"","background-repeat":"repeat","background-position":"center center","background-size":"auto","background-attachment":"scroll","background-type":"","background-media":"","overlay-type":"","overlay-color":"","overlay-opacity":"","overlay-gradient":""},"tablet":{"background-color":"","background-image":"","background-repeat":"repeat","background-position":"center center","background-size":"auto","background-attachment":"scroll","background-type":"","background-media":"","overlay-type":"","overlay-color":"","overlay-opacity":"","overlay-gradient":""},"mobile":{"background-color":"","background-image":"","background-repeat":"repeat","background-position":"center center","background-size":"auto","background-attachment":"scroll","background-type":"","background-media":"","overlay-type":"","overlay-color":"","overlay-opacity":"","overlay-gradient":""}},"ast-content-background-meta":{"desktop":{"background-color":"var(--ast-global-color-5)","background-image":"","background-repeat":"repeat","background-position":"center center","background-size":"auto","background-attachment":"scroll","background-type":"","background-media":"","overlay-type":"","overlay-color":"","overlay-opacity":"","overlay-gradient":""},"tablet":{"background-color":"var(--ast-global-color-5)","background-image":"","background-repeat":"repeat","background-position":"center center","background-size":"auto","background-attachment":"scroll","background-type":"","background-media":"","overlay-type":"","overlay-color":"","overlay-opacity":"","overlay-gradient":""},"mobile":{"background-color":"var(--ast-global-color-5)","background-image":"","background-repeat":"repeat","background-position":"center center","background-size":"auto","background-attachment":"scroll","background-type":"","background-media":"","overlay-type":"","overlay-color":"","overlay-opacity":"","overlay-gradient":""}},"footnotes":""},"class_list":["post-607","page","type-page","status-publish","hentry"],"uagb_featured_image_src":{"full":false,"thumbnail":false,"medium":false,"medium_large":false,"large":false,"1536x1536":false,"2048x2048":false,"woocommerce_thumbnail":false,"woocommerce_single":false,"woocommerce_gallery_thumbnail":false},"uagb_author_info":{"display_name":"mtinformative","author_link":"https:\/\/grupomt.com.bo\/mt_corporativo\/author\/mtinformative\/"},"uagb_comment_info":0,"uagb_excerpt":"Distribuci\u00f3n de productos Ofrecemos una amplia gama de productos electr\u00f3nicos y componentes de computadoras. Soporte t\u00e9cnico Brindamos asistencia profesional para [&hellip;]","_links":{"self":[{"href":"https:\/\/grupomt.com.bo\/mt_corporativo\/wp-json\/wp\/v2\/pages\/607","targetHints":{"allow":["GET"]}}],"collection":[{"href":"https:\/\/grupomt.com.bo\/mt_corporativo\/wp-json\/wp\/v2\/pages"}],"about":[{"href":"https:\/\/grupomt.com.bo\/mt_corporativo\/wp-json\/wp\/v2\/types\/page"}],"author":[{"embeddable":true,"href":"https:\/\/grupomt.com.bo\/mt_corporativo\/wp-json\/wp\/v2\/users\/1"}],"replies":[{"embeddable":true,"href":"https:\/\/grupomt.com.bo\/mt_corporativo\/wp-json\/wp\/v2\/comments?post=607"}],"version-history":[{"count":33,"href":"https:\/\/grupomt.com.bo\/mt_corporativo\/wp-json\/wp\/v2\/pages\/607\/revisions"}],"predecessor-version":[{"id":988,"href":"https:\/\/grupomt.com.bo\/mt_corporativo\/wp-json\/wp\/v2\/pages\/607\/revisions\/988"}],"wp:attachment":[{"href":"https:\/\/grupomt.com.bo\/mt_corporativo\/wp-json\/wp\/v2\/media?parent=607"}],"curies":[{"name":"wp","href":"https:\/\/api.w.org\/{rel}","templated":true}]}}